{"id":4019,"date":"2022-01-11T20:23:17","date_gmt":"2022-01-11T20:23:17","guid":{"rendered":"https:\/\/www.ozgeozdemir.com\/home\/"},"modified":"2024-12-29T17:36:38","modified_gmt":"2024-12-29T17:36:38","slug":"home","status":"publish","type":"page","link":"https:\/\/www.ozgeozdemir.com\/en\/","title":{"rendered":"Home"},"content":{"rendered":"\t\t<div data-elementor-type=\"wp-page\" data-elementor-id=\"4019\" class=\"elementor elementor-4019 elementor-2499\" data-elementor-post-type=\"page\">\n\t\t\t\t\t\t<section class=\"elementor-section elementor-top-section elementor-element elementor-element-0e1324b elementor-section-full_width elementor-section-stretched elementor-reverse-mobile elementor-section-height-default elementor-section-height-default\" data-id=\"0e1324b\" data-element_type=\"section\" data-settings=\"{&quot;stretch_section&quot;:&quot;section-stretched&quot;}\">\n\t\t\t\t\t\t<div class=\"elementor-container elementor-column-gap-default\">\n\t\t\t\t\t<div class=\"elementor-column elementor-col-50 elementor-top-column elementor-element elementor-element-d36ffff\" data-id=\"d36ffff\" data-element_type=\"column\">\n\t\t\t<div class=\"elementor-widget-wrap elementor-element-populated\">\n\t\t\t\t\t\t<section class=\"elementor-section elementor-inner-section elementor-element elementor-element-8d0ffc5 elementor-section-boxed elementor-section-height-default elementor-section-height-default\" data-id=\"8d0ffc5\" data-element_type=\"section\">\n\t\t\t\t\t\t<div class=\"elementor-container elementor-column-gap-default\">\n\t\t\t\t\t<div data-dce-background-color=\"#A78995\" class=\"elementor-column elementor-col-50 elementor-inner-column elementor-element elementor-element-31865c7\" data-id=\"31865c7\" data-element_type=\"column\" data-settings=\"{&quot;background_background&quot;:&quot;classic&quot;}\">\n\t\t\t<div class=\"elementor-widget-wrap elementor-element-populated\">\n\t\t\t\t\t\t<div class=\"elementor-element elementor-element-7cc7fb2 elementor-widget elementor-widget-heading\" data-id=\"7cc7fb2\" data-element_type=\"widget\" data-widget_type=\"heading.default\">\n\t\t\t\t<div class=\"elementor-widget-container\">\n\t\t\t<h2 class=\"elementor-heading-title elementor-size-default\">Latest Article<\/h2>\t\t<\/div>\n\t\t\t\t<\/div>\n\t\t\t\t<div class=\"elementor-element elementor-element-18ab0cc elementor-grid-1 elementor-posts--thumbnail-top elementor-grid-tablet-2 elementor-grid-mobile-1 elementor-widget elementor-widget-posts\" data-id=\"18ab0cc\" data-element_type=\"widget\" data-settings=\"{&quot;custom_columns&quot;:&quot;1&quot;,&quot;custom_row_gap&quot;:{&quot;unit&quot;:&quot;px&quot;,&quot;size&quot;:0,&quot;sizes&quot;:[]},&quot;custom_columns_tablet&quot;:&quot;2&quot;,&quot;custom_columns_mobile&quot;:&quot;1&quot;,&quot;custom_row_gap_tablet&quot;:{&quot;unit&quot;:&quot;px&quot;,&quot;size&quot;:&quot;&quot;,&quot;sizes&quot;:[]},&quot;custom_row_gap_mobile&quot;:{&quot;unit&quot;:&quot;px&quot;,&quot;size&quot;:&quot;&quot;,&quot;sizes&quot;:[]}}\" data-widget_type=\"posts.custom\">\n\t\t\t\t<div class=\"elementor-widget-container\">\n\t\t\t      <div class=\"ecs-posts elementor-posts-container elementor-posts   elementor-grid elementor-posts--skin-custom\" data-settings=\"{&quot;current_page&quot;:1,&quot;max_num_pages&quot;:&quot;5&quot;,&quot;load_method&quot;:&quot;&quot;,&quot;widget_id&quot;:&quot;18ab0cc&quot;,&quot;post_id&quot;:4019,&quot;theme_id&quot;:4019,&quot;change_url&quot;:false,&quot;reinit_js&quot;:false}\">\n      \t\t<article id=\"post-4691\" class=\"elementor-post elementor-grid-item ecs-post-loop post-4691 post type-post status-publish format-standard has-post-thumbnail hentry category-television-series\">\n\t\t\t\t<div data-elementor-type=\"loop\" data-elementor-id=\"3077\" class=\"elementor elementor-3077 post-4691 post type-post status-publish format-standard has-post-thumbnail hentry category-television-series\" data-elementor-post-type=\"elementor_library\">\n\t\t\t\t\t<section class=\"elementor-section elementor-top-section elementor-element elementor-element-16c4c59 elementor-section-boxed elementor-section-height-default elementor-section-height-default\" data-id=\"16c4c59\" data-element_type=\"section\">\n\t\t\t\t\t\t<div class=\"elementor-container elementor-column-gap-default\">\n\t\t\t\t\t<div class=\"elementor-column elementor-col-100 elementor-top-column elementor-element elementor-element-d427382\" data-id=\"d427382\" data-element_type=\"column\">\n\t\t\t<div class=\"elementor-widget-wrap elementor-element-populated\">\n\t\t\t\t\t\t<div class=\"elementor-element elementor-element-b36e92f elementor-widget elementor-widget-heading\" data-id=\"b36e92f\" data-element_type=\"widget\" data-widget_type=\"heading.default\">\n\t\t\t\t<div class=\"elementor-widget-container\">\n\t\t\t<div class=\"elementor-heading-title elementor-size-default\"><a href=\"https:\/\/www.ozgeozdemir.com\/en\/heated-rivalry-review-cpr-for-modern-romance-by-making-male-vulnerability-sexy\/\" target=\"_blank\">Heated Rivalry review: CPR for modern romance by making male vulnerability sexy<\/a><\/div>\t\t<\/div>\n\t\t\t\t<\/div>\n\t\t\t\t\t<\/div>\n\t\t<\/div>\n\t\t\t\t\t<\/div>\n\t\t<\/section>\n\t\t\t\t<\/div>\n\t\t\t\t<\/article>\n\t\t\t\t<\/div>\n\t\t\t\t<\/div>\n\t\t\t\t<\/div>\n\t\t\t\t<div class=\"elementor-element elementor-element-0639bc9 elementor-align-right elementor-mobile-align-center elementor-widget elementor-widget-button\" data-id=\"0639bc9\" data-element_type=\"widget\" data-widget_type=\"button.default\">\n\t\t\t\t<div class=\"elementor-widget-container\">\n\t\t\t\t\t\t\t<div class=\"elementor-button-wrapper\">\n\t\t\t\t\t<a class=\"elementor-button elementor-button-link elementor-size-sm\" href=\"https:\/\/www.ozgeozdemir.com\/en\/articles\/\">\n\t\t\t\t\t\t<span class=\"elementor-button-content-wrapper\">\n\t\t\t\t\t\t<span class=\"elementor-button-icon\">\n\t\t\t\t<i aria-hidden=\"true\" class=\"fas fa-pencil-alt\"><\/i>\t\t\t<\/span>\n\t\t\t\t\t\t\t\t\t<span class=\"elementor-button-text\">Articles<\/span>\n\t\t\t\t\t<\/span>\n\t\t\t\t\t<\/a>\n\t\t\t\t<\/div>\n\t\t\t\t\t\t<\/div>\n\t\t\t\t<\/div>\n\t\t\t\t\t<\/div>\n\t\t<\/div>\n\t\t\t\t<div class=\"elementor-column elementor-col-50 elementor-inner-column elementor-element elementor-element-d0de305\" data-id=\"d0de305\" data-element_type=\"column\">\n\t\t\t<div class=\"elementor-widget-wrap elementor-element-populated\">\n\t\t\t\t\t\t<div class=\"elementor-element elementor-element-daab4a1 elementor-grid-1 elementor-posts--thumbnail-top elementor-grid-tablet-2 elementor-grid-mobile-1 elementor-widget elementor-widget-posts\" data-id=\"daab4a1\" data-element_type=\"widget\" data-settings=\"{&quot;custom_columns&quot;:&quot;1&quot;,&quot;custom_row_gap&quot;:{&quot;unit&quot;:&quot;px&quot;,&quot;size&quot;:0,&quot;sizes&quot;:[]},&quot;custom_columns_tablet&quot;:&quot;2&quot;,&quot;custom_columns_mobile&quot;:&quot;1&quot;,&quot;custom_row_gap_tablet&quot;:{&quot;unit&quot;:&quot;px&quot;,&quot;size&quot;:&quot;&quot;,&quot;sizes&quot;:[]},&quot;custom_row_gap_mobile&quot;:{&quot;unit&quot;:&quot;px&quot;,&quot;size&quot;:&quot;&quot;,&quot;sizes&quot;:[]}}\" data-widget_type=\"posts.custom\">\n\t\t\t\t<div class=\"elementor-widget-container\">\n\t\t\t      <div class=\"ecs-posts elementor-posts-container elementor-posts   elementor-grid elementor-posts--skin-custom\" data-settings=\"{&quot;current_page&quot;:1,&quot;max_num_pages&quot;:&quot;5&quot;,&quot;load_method&quot;:&quot;&quot;,&quot;widget_id&quot;:&quot;daab4a1&quot;,&quot;post_id&quot;:4691,&quot;theme_id&quot;:4019,&quot;change_url&quot;:false,&quot;reinit_js&quot;:false}\">\n      \t\t<article id=\"post-4691\" class=\"elementor-post elementor-grid-item ecs-post-loop post-4691 post type-post status-publish format-standard has-post-thumbnail hentry category-television-series\">\n\t\t\t\t<div data-elementor-type=\"loop\" data-elementor-id=\"3067\" class=\"elementor elementor-3067 post-4691 post type-post status-publish format-standard has-post-thumbnail hentry category-television-series\" data-elementor-post-type=\"elementor_library\">\n\t\t\t\t\t<section class=\"elementor-section elementor-top-section elementor-element elementor-element-e9aa420 elementor-section-boxed elementor-section-height-default elementor-section-height-default\" data-id=\"e9aa420\" data-element_type=\"section\">\n\t\t\t\t\t\t<div class=\"elementor-container elementor-column-gap-default\">\n\t\t\t\t\t<div class=\"elementor-column elementor-col-100 elementor-top-column elementor-element elementor-element-6b67650\" data-id=\"6b67650\" data-element_type=\"column\">\n\t\t\t<div class=\"elementor-widget-wrap elementor-element-populated\">\n\t\t\t\t\t\t<div class=\"elementor-element elementor-element-84c060a dce_masking-none elementor-widget elementor-widget-image\" data-id=\"84c060a\" data-element_type=\"widget\" data-widget_type=\"image.default\">\n\t\t\t\t<div class=\"elementor-widget-container\">\n\t\t\t\t\t\t\t\t\t\t\t\t\t\t<a href=\"https:\/\/www.ozgeozdemir.com\/en\/heated-rivalry-review-cpr-for-modern-romance-by-making-male-vulnerability-sexy\/\">\n\t\t\t\t\t\t\t<img decoding=\"async\" src=\"https:\/\/www.ozgeozdemir.com\/wp-content\/uploads\/elementor\/thumbs\/heated-rivalry-books-ripnfu28gntmyz7v5ky6nibrqg5vf0wis7qz1pfji4.webp\" title=\"heated-rivalry-books\" alt=\"\" loading=\"lazy\" \/>\t\t\t\t\t\t\t\t<\/a>\n\t\t\t\t\t\t\t\t\t\t\t\t\t<\/div>\n\t\t\t\t<\/div>\n\t\t\t\t\t<\/div>\n\t\t<\/div>\n\t\t\t\t\t<\/div>\n\t\t<\/section>\n\t\t\t\t<\/div>\n\t\t\t\t<\/article>\n\t\t\t\t<\/div>\n\t\t\t\t<\/div>\n\t\t\t\t<\/div>\n\t\t\t\t\t<\/div>\n\t\t<\/div>\n\t\t\t\t\t<\/div>\n\t\t<\/section>\n\t\t\t\t<section class=\"elementor-section elementor-inner-section elementor-element elementor-element-d907760 elementor-reverse-tablet elementor-reverse-mobile elementor-section-boxed elementor-section-height-default elementor-section-height-default\" data-id=\"d907760\" data-element_type=\"section\">\n\t\t\t\t\t\t<div class=\"elementor-container elementor-column-gap-default\">\n\t\t\t\t\t<div class=\"elementor-column elementor-col-50 elementor-inner-column elementor-element elementor-element-f1dbb9c\" data-id=\"f1dbb9c\" data-element_type=\"column\">\n\t\t\t<div class=\"elementor-widget-wrap elementor-element-populated\">\n\t\t\t\t\t\t<div class=\"elementor-element elementor-element-711f05e elementor-widget elementor-widget-premium-addon-video-box\" data-id=\"711f05e\" data-element_type=\"widget\" data-settings=\"{&quot;premium_video_box_video_type&quot;:&quot;youtube&quot;}\" data-widget_type=\"premium-addon-video-box.default\">\n\t\t\t\t<div class=\"elementor-widget-container\">\n\t\t\t\r\n\t\t\r\n\t\t\t\t\t<div id=\"premium-video-box-container-711f05e\" class=\"premium-video-box-container\" data-overlay=\"true\" data-type=\"youtube\" data-thumbnail=\"\" data-hover=\"none\">\r\n\t\t\t\t<div  >\r\n\t\t\t\t\t\r\n\t\t\t\t\t<div class=\"premium-video-box-inner-wrap\" data-video-animation=\" animated-\" data-delay-animation=\"\">\r\n\t\t\t\t\t\t<div data-src=\"&amp;rel=0&amp;mute=0&amp;loop=0&amp;controls=1&amp;playsinline=0\" class=\"premium-video-box-video-container\">\r\n\t\t\t\t\t\t\t\r\n\t\t\t\t\t\t\t\t\t\t\t\t\t<\/div>\r\n\t\t\t\t\t\t\t<div style=\"background-image:transparent\" class=\"premium-video-box-image-container none\"><\/div>\r\n\t\t\t\t\t\t\t\t\t\t\t\t\t\t\t\t\t\t\t\t\t\t\t\t\t\t\t\t\t\t\t<\/div>\r\n\r\n\t\t\t\t<\/div>\r\n\t\t\t<\/div>\r\n\t\t\r\n\t\t\t\t<\/div>\n\t\t\t\t<\/div>\n\t\t\t\t\t<\/div>\n\t\t<\/div>\n\t\t\t\t<div class=\"elementor-column elementor-col-50 elementor-inner-column elementor-element elementor-element-4ff34dd\" data-id=\"4ff34dd\" data-element_type=\"column\" data-settings=\"{&quot;background_background&quot;:&quot;classic&quot;}\">\n\t\t\t<div class=\"elementor-widget-wrap elementor-element-populated\">\n\t\t\t\t\t\t<div class=\"elementor-element elementor-element-8a6b04e elementor-widget elementor-widget-heading\" data-id=\"8a6b04e\" data-element_type=\"widget\" data-widget_type=\"heading.default\">\n\t\t\t\t<div class=\"elementor-widget-container\">\n\t\t\t<h2 class=\"elementor-heading-title elementor-size-default\">New at PopJourno<\/h2>\t\t<\/div>\n\t\t\t\t<\/div>\n\t\t\t\t<div class=\"elementor-element elementor-element-84e8a07 elementor-align-left elementor-mobile-align-center elementor-widget elementor-widget-button\" data-id=\"84e8a07\" data-element_type=\"widget\" data-widget_type=\"button.default\">\n\t\t\t\t<div class=\"elementor-widget-container\">\n\t\t\t\t\t\t\t<div class=\"elementor-button-wrapper\">\n\t\t\t\t\t<a class=\"elementor-button elementor-button-link elementor-size-sm\" href=\"https:\/\/www.ozgeozdemir.com\/en\/videos\/\">\n\t\t\t\t\t\t<span class=\"elementor-button-content-wrapper\">\n\t\t\t\t\t\t<span class=\"elementor-button-icon\">\n\t\t\t\t<i aria-hidden=\"true\" class=\"fas fa-play\"><\/i>\t\t\t<\/span>\n\t\t\t\t\t\t\t\t\t<span class=\"elementor-button-text\">Videos<\/span>\n\t\t\t\t\t<\/span>\n\t\t\t\t\t<\/a>\n\t\t\t\t<\/div>\n\t\t\t\t\t\t<\/div>\n\t\t\t\t<\/div>\n\t\t\t\t\t<\/div>\n\t\t<\/div>\n\t\t\t\t\t<\/div>\n\t\t<\/section>\n\t\t\t\t\t<\/div>\n\t\t<\/div>\n\t\t\t\t<div data-dce-background-overlay-color=\"#FFFFFF00\" data-dce-background-image-url=\"https:\/\/www.ozgeozdemir.com\/wp-content\/uploads\/2022\/02\/ozge-ozdemir.jpg\" class=\"elementor-column elementor-col-50 elementor-top-column elementor-element elementor-element-62ef3ce\" data-id=\"62ef3ce\" data-element_type=\"column\" data-settings=\"{&quot;background_background&quot;:&quot;classic&quot;}\">\n\t\t\t<div class=\"elementor-widget-wrap elementor-element-populated\">\n\t\t\t\t\t<div class=\"elementor-background-overlay\"><\/div>\n\t\t\t\t\t\t<div class=\"elementor-element elementor-element-1bb5bcd elementor-hidden-tablet elementor-hidden-mobile elementor-widget elementor-widget-premium-addon-banner\" data-id=\"1bb5bcd\" data-element_type=\"widget\" data-widget_type=\"premium-addon-banner.default\">\n\t\t\t\t<div class=\"elementor-widget-container\">\n\t\t\t\t\t<div class=\"premium-banner-ib premium-banner-min-height premium-banner-animation1 none active\">\r\n\t\t\t\t\t\t\t\t\t\t<img fetchpriority=\"high\" decoding=\"async\" width=\"1600\" height=\"900\" src=\"https:\/\/www.ozgeozdemir.com\/wp-content\/uploads\/2022\/04\/1600px-HD_transparent_picture.png\" class=\"attachment-full size-full wp-image-3985\" alt=\"\" srcset=\"https:\/\/www.ozgeozdemir.com\/wp-content\/uploads\/2022\/04\/1600px-HD_transparent_picture.png 1600w, https:\/\/www.ozgeozdemir.com\/wp-content\/uploads\/2022\/04\/1600px-HD_transparent_picture-300x169.png 300w, https:\/\/www.ozgeozdemir.com\/wp-content\/uploads\/2022\/04\/1600px-HD_transparent_picture-1024x576.png 1024w, https:\/\/www.ozgeozdemir.com\/wp-content\/uploads\/2022\/04\/1600px-HD_transparent_picture-768x432.png 768w, https:\/\/www.ozgeozdemir.com\/wp-content\/uploads\/2022\/04\/1600px-HD_transparent_picture-1536x864.png 1536w\" sizes=\"(max-width: 1600px) 100vw, 1600px\" \/>\t\t\t\t\t\t\t\t\t<div class=\"premium-banner-ib-desc\">\r\n\t\t\t\t\t\t\t\t\t<h2 class=\"premium-banner-ib-title premium_banner_title\">About Me<\/h2>\t\t\t\t\t\t<div class=\"premium-banner-ib-content premium_banner_content\">\r\n\t\t\t\t\t\t\tHello everyone, welcome to my website. I am \u00d6zge \u00d6zdemir, a journalist living in London. I have worked in a newspaper, television channel and digital media outlets; and wholeheartedly I aim to find and tell incredible stories.\t\t\t\t\t\t<\/div>\r\n\t\t\t\t\t\t\t\t\t\t\t\t\t\t\t\t\t<\/div>\r\n\t\t\t\t\t\t\t<a href=\"https:\/\/www.ozgeozdemir.com\/hakkimda\/\" class=\"premium-banner-ib-link\"><\/a>\r\n\t\t\t\t\t<\/div>\r\n\t\t\t\t\t\t<\/div>\n\t\t\t\t<\/div>\n\t\t\t\t<div class=\"elementor-element elementor-element-d48db8a elementor-hidden-desktop elementor-widget elementor-widget-premium-addon-banner\" data-id=\"d48db8a\" data-element_type=\"widget\" data-widget_type=\"premium-addon-banner.default\">\n\t\t\t\t<div class=\"elementor-widget-container\">\n\t\t\t\t\t<div class=\"premium-banner-ib premium-banner-min-height premium-banner-animation1 none active\">\r\n\t\t\t\t\t\t\t\t\t\t<img fetchpriority=\"high\" decoding=\"async\" width=\"1600\" height=\"900\" src=\"https:\/\/www.ozgeozdemir.com\/wp-content\/uploads\/2022\/04\/1600px-HD_transparent_picture.png\" class=\"attachment-full size-full wp-image-3985\" alt=\"\" srcset=\"https:\/\/www.ozgeozdemir.com\/wp-content\/uploads\/2022\/04\/1600px-HD_transparent_picture.png 1600w, https:\/\/www.ozgeozdemir.com\/wp-content\/uploads\/2022\/04\/1600px-HD_transparent_picture-300x169.png 300w, https:\/\/www.ozgeozdemir.com\/wp-content\/uploads\/2022\/04\/1600px-HD_transparent_picture-1024x576.png 1024w, https:\/\/www.ozgeozdemir.com\/wp-content\/uploads\/2022\/04\/1600px-HD_transparent_picture-768x432.png 768w, https:\/\/www.ozgeozdemir.com\/wp-content\/uploads\/2022\/04\/1600px-HD_transparent_picture-1536x864.png 1536w\" sizes=\"(max-width: 1600px) 100vw, 1600px\" \/>\t\t\t\t\t\t\t\t\t<div class=\"premium-banner-ib-desc\">\r\n\t\t\t\t\t\t\t\t\t<h2 class=\"premium-banner-ib-title premium_banner_title\">About Me<\/h2>\t\t\t\t\t\t<div class=\"premium-banner-ib-content premium_banner_content\">\r\n\t\t\t\t\t\t\t<p class=\"p1\">Hello and welcome to my website. I\u2019m \u00d6zge \u00d6zdemir, a journalist and videographer based in London. I am wholeheartedly committed to finding and telling incredible stories.<\/p>\t\t\t\t\t\t<\/div>\r\n\t\t\t\t\t\t\t\t\t\t\t\t\t\t\t\t\t<\/div>\r\n\t\t\t\t\t\t\t<a href=\"https:\/\/www.ozgeozdemir.com\/hakkimda\/\" class=\"premium-banner-ib-link\"><\/a>\r\n\t\t\t\t\t<\/div>\r\n\t\t\t\t\t<style>\r\n\t\t\t\t@media( min-width: 1px ) and (max-width:767px ) {\r\n\t\t\t\t\t#premium-banner-d48db8a .premium-banner-ib-content {\r\n\t\t\t\t\t\tdisplay: none;\r\n\t\t\t\t\t}\r\n\t\t\t\t}\r\n\t\t\t<\/style>\r\n\t\t\t\t\t\t<\/div>\n\t\t\t\t<\/div>\n\t\t\t\t\t<\/div>\n\t\t<\/div>\n\t\t\t\t\t<\/div>\n\t\t<\/section>\n\t\t\t\t<\/div>\n\t\t","protected":false},"excerpt":{"rendered":"<p>Latest Article Articles New at PopJourno Videos About Me Hello everyone, welcome to my website. I am \u00d6zge \u00d6zdemir, a journalist living in London. I have worked in a newspaper, television channel and digital media outlets; and wholeheartedly I aim to find and tell incredible stories. About Me Hello and welcome to my website. I\u2019m [&hellip;]<\/p>\n","protected":false},"author":1,"featured_media":3980,"parent":0,"menu_order":0,"comment_status":"closed","ping_status":"closed","template":"","meta":{"footnotes":""},"class_list":["post-4019","page","type-page","status-publish","has-post-thumbnail","hentry"],"acf":[],"yoast_head":"<!-- This site is optimized with the Yoast SEO plugin v23.7 - https:\/\/yoast.com\/wordpress\/plugins\/seo\/ -->\n<title>\u00d6zge \u00d6zdemir &#8226; Journalist<\/title>\n<meta name=\"description\" content=\"Personal website of journalist \u00d6zge \u00d6zdemir, who works for BBC and is based in London.\" \/>\n<meta name=\"robots\" content=\"index, follow, max-snippet:-1, max-image-preview:large, max-video-preview:-1\" \/>\n<link rel=\"canonical\" href=\"https:\/\/www.ozgeozdemir.com\/en\/\" \/>\n<meta property=\"og:locale\" content=\"en_US\" \/>\n<meta property=\"og:type\" content=\"article\" \/>\n<meta property=\"og:title\" content=\"\u00d6zge \u00d6zdemir &#8226; Journalist\" \/>\n<meta property=\"og:description\" content=\"Personal website of journalist \u00d6zge \u00d6zdemir, who works for BBC and is based in London.\" \/>\n<meta property=\"og:url\" content=\"https:\/\/www.ozgeozdemir.com\/en\/\" \/>\n<meta property=\"og:site_name\" content=\"\u00d6zge \u00d6zdemir\" \/>\n<meta property=\"article:modified_time\" content=\"2024-12-29T17:36:38+00:00\" \/>\n<meta property=\"og:image\" content=\"https:\/\/www.ozgeozdemir.com\/wp-content\/uploads\/2022\/02\/ozge-ozdemir.jpg\" \/>\n\t<meta property=\"og:image:width\" content=\"1620\" \/>\n\t<meta property=\"og:image:height\" content=\"1080\" \/>\n\t<meta property=\"og:image:type\" content=\"image\/jpeg\" \/>\n<meta name=\"twitter:card\" content=\"summary_large_image\" \/>\n<meta name=\"twitter:label1\" content=\"Est. reading time\" \/>\n\t<meta name=\"twitter:data1\" content=\"2 minutes\" \/>\n<script type=\"application\/ld+json\" class=\"yoast-schema-graph\">{\"@context\":\"https:\/\/schema.org\",\"@graph\":[{\"@type\":\"WebPage\",\"@id\":\"https:\/\/www.ozgeozdemir.com\/en\/\",\"url\":\"https:\/\/www.ozgeozdemir.com\/en\/\",\"name\":\"\u00d6zge \u00d6zdemir &#8226; Journalist\",\"isPartOf\":{\"@id\":\"https:\/\/www.ozgeozdemir.com\/#website\"},\"primaryImageOfPage\":{\"@id\":\"https:\/\/www.ozgeozdemir.com\/en\/#primaryimage\"},\"image\":{\"@id\":\"https:\/\/www.ozgeozdemir.com\/en\/#primaryimage\"},\"thumbnailUrl\":\"https:\/\/www.ozgeozdemir.com\/wp-content\/uploads\/2022\/02\/ozge-ozdemir.jpg\",\"datePublished\":\"2022-01-11T20:23:17+00:00\",\"dateModified\":\"2024-12-29T17:36:38+00:00\",\"description\":\"Personal website of journalist \u00d6zge \u00d6zdemir, who works for BBC and is based in London.\",\"breadcrumb\":{\"@id\":\"https:\/\/www.ozgeozdemir.com\/en\/#breadcrumb\"},\"inLanguage\":\"en-US\",\"potentialAction\":[{\"@type\":\"ReadAction\",\"target\":[\"https:\/\/www.ozgeozdemir.com\/en\/\"]}]},{\"@type\":\"ImageObject\",\"inLanguage\":\"en-US\",\"@id\":\"https:\/\/www.ozgeozdemir.com\/en\/#primaryimage\",\"url\":\"https:\/\/www.ozgeozdemir.com\/wp-content\/uploads\/2022\/02\/ozge-ozdemir.jpg\",\"contentUrl\":\"https:\/\/www.ozgeozdemir.com\/wp-content\/uploads\/2022\/02\/ozge-ozdemir.jpg\",\"width\":1620,\"height\":1080},{\"@type\":\"BreadcrumbList\",\"@id\":\"https:\/\/www.ozgeozdemir.com\/en\/#breadcrumb\",\"itemListElement\":[{\"@type\":\"ListItem\",\"position\":1,\"name\":\"Anasayfa\",\"item\":\"https:\/\/www.ozgeozdemir.com\/en\/\"},{\"@type\":\"ListItem\",\"position\":2,\"name\":\"Home\"}]},{\"@type\":\"WebSite\",\"@id\":\"https:\/\/www.ozgeozdemir.com\/#website\",\"url\":\"https:\/\/www.ozgeozdemir.com\/\",\"name\":\"\u00d6zge \u00d6zdemir\",\"description\":\"yak\u0131nda\",\"publisher\":{\"@id\":\"https:\/\/www.ozgeozdemir.com\/#\/schema\/person\/d948b8963485d71f77b4f62ec1c5c6a0\"},\"potentialAction\":[{\"@type\":\"SearchAction\",\"target\":{\"@type\":\"EntryPoint\",\"urlTemplate\":\"https:\/\/www.ozgeozdemir.com\/?s={search_term_string}\"},\"query-input\":{\"@type\":\"PropertyValueSpecification\",\"valueRequired\":true,\"valueName\":\"search_term_string\"}}],\"inLanguage\":\"en-US\"},{\"@type\":[\"Person\",\"Organization\"],\"@id\":\"https:\/\/www.ozgeozdemir.com\/#\/schema\/person\/d948b8963485d71f77b4f62ec1c5c6a0\",\"name\":\"\u00d6zge \u00d6zdemir\",\"image\":{\"@type\":\"ImageObject\",\"inLanguage\":\"en-US\",\"@id\":\"https:\/\/www.ozgeozdemir.com\/#\/schema\/person\/image\/\",\"url\":\"https:\/\/www.ozgeozdemir.com\/wp-content\/uploads\/2022\/02\/ozge-ozdemir.jpg\",\"contentUrl\":\"https:\/\/www.ozgeozdemir.com\/wp-content\/uploads\/2022\/02\/ozge-ozdemir.jpg\",\"width\":1620,\"height\":1080,\"caption\":\"\u00d6zge \u00d6zdemir\"},\"logo\":{\"@id\":\"https:\/\/www.ozgeozdemir.com\/#\/schema\/person\/image\/\"}}]}<\/script>\n<!-- \/ Yoast SEO plugin. -->","yoast_head_json":{"title":"\u00d6zge \u00d6zdemir &#8226; Journalist","description":"Personal website of journalist \u00d6zge \u00d6zdemir, who works for BBC and is based in London.","robots":{"index":"index","follow":"follow","max-snippet":"max-snippet:-1","max-image-preview":"max-image-preview:large","max-video-preview":"max-video-preview:-1"},"canonical":"https:\/\/www.ozgeozdemir.com\/en\/","og_locale":"en_US","og_type":"article","og_title":"\u00d6zge \u00d6zdemir &#8226; Journalist","og_description":"Personal website of journalist \u00d6zge \u00d6zdemir, who works for BBC and is based in London.","og_url":"https:\/\/www.ozgeozdemir.com\/en\/","og_site_name":"\u00d6zge \u00d6zdemir","article_modified_time":"2024-12-29T17:36:38+00:00","og_image":[{"width":1620,"height":1080,"url":"https:\/\/www.ozgeozdemir.com\/wp-content\/uploads\/2022\/02\/ozge-ozdemir.jpg","type":"image\/jpeg"}],"twitter_card":"summary_large_image","twitter_misc":{"Est. reading time":"2 minutes"},"schema":{"@context":"https:\/\/schema.org","@graph":[{"@type":"WebPage","@id":"https:\/\/www.ozgeozdemir.com\/en\/","url":"https:\/\/www.ozgeozdemir.com\/en\/","name":"\u00d6zge \u00d6zdemir &#8226; Journalist","isPartOf":{"@id":"https:\/\/www.ozgeozdemir.com\/#website"},"primaryImageOfPage":{"@id":"https:\/\/www.ozgeozdemir.com\/en\/#primaryimage"},"image":{"@id":"https:\/\/www.ozgeozdemir.com\/en\/#primaryimage"},"thumbnailUrl":"https:\/\/www.ozgeozdemir.com\/wp-content\/uploads\/2022\/02\/ozge-ozdemir.jpg","datePublished":"2022-01-11T20:23:17+00:00","dateModified":"2024-12-29T17:36:38+00:00","description":"Personal website of journalist \u00d6zge \u00d6zdemir, who works for BBC and is based in London.","breadcrumb":{"@id":"https:\/\/www.ozgeozdemir.com\/en\/#breadcrumb"},"inLanguage":"en-US","potentialAction":[{"@type":"ReadAction","target":["https:\/\/www.ozgeozdemir.com\/en\/"]}]},{"@type":"ImageObject","inLanguage":"en-US","@id":"https:\/\/www.ozgeozdemir.com\/en\/#primaryimage","url":"https:\/\/www.ozgeozdemir.com\/wp-content\/uploads\/2022\/02\/ozge-ozdemir.jpg","contentUrl":"https:\/\/www.ozgeozdemir.com\/wp-content\/uploads\/2022\/02\/ozge-ozdemir.jpg","width":1620,"height":1080},{"@type":"BreadcrumbList","@id":"https:\/\/www.ozgeozdemir.com\/en\/#breadcrumb","itemListElement":[{"@type":"ListItem","position":1,"name":"Anasayfa","item":"https:\/\/www.ozgeozdemir.com\/en\/"},{"@type":"ListItem","position":2,"name":"Home"}]},{"@type":"WebSite","@id":"https:\/\/www.ozgeozdemir.com\/#website","url":"https:\/\/www.ozgeozdemir.com\/","name":"\u00d6zge \u00d6zdemir","description":"yak\u0131nda","publisher":{"@id":"https:\/\/www.ozgeozdemir.com\/#\/schema\/person\/d948b8963485d71f77b4f62ec1c5c6a0"},"potentialAction":[{"@type":"SearchAction","target":{"@type":"EntryPoint","urlTemplate":"https:\/\/www.ozgeozdemir.com\/?s={search_term_string}"},"query-input":{"@type":"PropertyValueSpecification","valueRequired":true,"valueName":"search_term_string"}}],"inLanguage":"en-US"},{"@type":["Person","Organization"],"@id":"https:\/\/www.ozgeozdemir.com\/#\/schema\/person\/d948b8963485d71f77b4f62ec1c5c6a0","name":"\u00d6zge \u00d6zdemir","image":{"@type":"ImageObject","inLanguage":"en-US","@id":"https:\/\/www.ozgeozdemir.com\/#\/schema\/person\/image\/","url":"https:\/\/www.ozgeozdemir.com\/wp-content\/uploads\/2022\/02\/ozge-ozdemir.jpg","contentUrl":"https:\/\/www.ozgeozdemir.com\/wp-content\/uploads\/2022\/02\/ozge-ozdemir.jpg","width":1620,"height":1080,"caption":"\u00d6zge \u00d6zdemir"},"logo":{"@id":"https:\/\/www.ozgeozdemir.com\/#\/schema\/person\/image\/"}}]}},"_links":{"self":[{"href":"https:\/\/www.ozgeozdemir.com\/en\/wp-json\/wp\/v2\/pages\/4019","targetHints":{"allow":["GET"]}}],"collection":[{"href":"https:\/\/www.ozgeozdemir.com\/en\/wp-json\/wp\/v2\/pages"}],"about":[{"href":"https:\/\/www.ozgeozdemir.com\/en\/wp-json\/wp\/v2\/types\/page"}],"author":[{"embeddable":true,"href":"https:\/\/www.ozgeozdemir.com\/en\/wp-json\/wp\/v2\/users\/1"}],"replies":[{"embeddable":true,"href":"https:\/\/www.ozgeozdemir.com\/en\/wp-json\/wp\/v2\/comments?post=4019"}],"version-history":[{"count":29,"href":"https:\/\/www.ozgeozdemir.com\/en\/wp-json\/wp\/v2\/pages\/4019\/revisions"}],"predecessor-version":[{"id":4514,"href":"https:\/\/www.ozgeozdemir.com\/en\/wp-json\/wp\/v2\/pages\/4019\/revisions\/4514"}],"wp:featuredmedia":[{"embeddable":true,"href":"https:\/\/www.ozgeozdemir.com\/en\/wp-json\/wp\/v2\/media\/3980"}],"wp:attachment":[{"href":"https:\/\/www.ozgeozdemir.com\/en\/wp-json\/wp\/v2\/media?parent=4019"}],"curies":[{"name":"wp","href":"https:\/\/api.w.org\/{rel}","templated":true}]}}